{"id":135,"date":"2024-03-17T17:51:17","date_gmt":"2024-03-17T20:51:17","guid":{"rendered":"https:\/\/barriosdepiedra.ar\/?page_id=135"},"modified":"2024-06-06T09:45:22","modified_gmt":"2024-06-06T12:45:22","slug":"migraciones","status":"publish","type":"page","link":"https:\/\/barriosdepiedra.ar\/index.php\/migraciones\/","title":{"rendered":"Migraciones"},"content":{"rendered":"\n<p>Cerro Leones y Movediza, son la cuna de la actividad picapedrera en Tandil.<\/p>\n\n\n\n<p>En 1870 comienza la actividad en Cerro Leones impulsada por un grupo de Italianos que instalan una cantera y para ello buscan trabajadores en su pa\u00eds de origen.<\/p>\n\n\n\n<p>Las circunstancias en Italia, y en otros estados europeos hacen que grandes contingentes de poblaci\u00f3n migren a otros pa\u00edses, entre los cuales Argentina constituye uno de los destinos principales.&nbsp;<\/p>\n\n\n\n<p>La actividad de la piedra recibe a migrantes provenientes de zonas donde hab\u00eda canteras y tambi\u00e9n, a trabajadores que aprendieron el oficio luego de llegar.<\/p>\n\n\n\n<p>La demanda de adoquines, cordones y otros productos para la obra p\u00fablica impulsada en Buenos Aires cuando el pa\u00eds llegaba al centenario, incentiv\u00f3 la expansi\u00f3n de la actividad picapedrera en Tandil. Sobre todo, con la inauguraci\u00f3n de una l\u00ednea ferroviaria a la ciudad con ramales a las canteras desde 1893.<\/p>\n\n\n\n<figure class=\"wp-block-image size-full\"><img fetchpriority=\"high\" decoding=\"async\" width=\"671\" height=\"495\" src=\"https:\/\/barriosdepiedra.ar\/wp-content\/uploads\/2024\/06\/La-poblacion-de-Tandil-en-la-primera-decada-del-siglo-XX.jpg\" alt=\"\" class=\"wp-image-492\" srcset=\"https:\/\/barriosdepiedra.ar\/wp-content\/uploads\/2024\/06\/La-poblacion-de-Tandil-en-la-primera-decada-del-siglo-XX.jpg 671w, https:\/\/barriosdepiedra.ar\/wp-content\/uploads\/2024\/06\/La-poblacion-de-Tandil-en-la-primera-decada-del-siglo-XX-300x221.jpg 300w\" sizes=\"(max-width: 671px) 100vw, 671px\" \/><\/figure>\n\n\n\n<p>Llegaron a Cerro Leones y Movediza en gran n\u00famero, trabajadores italianos, montenegrinos, espa\u00f1oles y portugueses. Llegaban en familia o, por lo general, cuando lograban instalarse la mandaban a buscar.<\/p>\n\n\n\n<p>Muchas veces, la novia llegaba casada \u201cpor poder\u201d, a un lugar que no conoc\u00eda, dejando a padres y hermanos en su tierra, quiz\u00e1 para siempre.<\/p>\n\n\n\n<p>Varias semanas en un buque, hotel de inmigrantes, un largo camino a Tandil, un lugar en los campamentos, distantes del pueblo. Un peque\u00f1o nuevo mundo.<\/p>\n\n\n\n<p>Cartas, poqu\u00edsimas fotos, como tesoros, a modo de postales, recuerdos transmitidos a sus descendientes\u2026<\/p>\n\n\n\n<p>Catalina Ghezzi recordaba a su madre, montenegrina, hablar de sus padres y su pueblo en las noches, cuando apagaban la vela y cada uno en su cama, en la casilla del campamento de la Movediza, charlaban a oscuras.<\/p>\n\n\n\n<p>Quien fuera patr\u00f3n de la cantera movediza, Domingo Conti, construy\u00f3 la Casa de Piedra replicando su casa en Italia<\/p>\n\n\n\n<p>En Cerro Leones, en la d\u00e9cada del 30 existi\u00f3 el club de los portugueses y un cine, El Melgancense, es decir, el que viene de Melgaco, Portugal.<\/p>\n\n\n\n<p>Elias Peuscovich, acompa\u00f1aba a su abuelo montenegrino en largas caminatas para visitar a sus paisanos en varias canteras.<\/p>\n\n\n\n<p>En el trabajo, las luchas, la forma de nombrar, la m\u00fasica compartida, la forma de comer, de construir, el f\u00fatbol, cada familia puso su vida en una trama tejida en varios idiomas y una sola identidad, picapedreros de Tandil.<\/p>\n\n\n\n<p>Casillas de madera y chapa, a veces casitas de piedra o de adobe, huertos,&nbsp; &nbsp;pan amasado, trabajo dur\u00edsimo, vidas laboriosas. Los que estaban de antes, los que llegaron, haciendo todo desde abajo, casi sin nada. No fue la tierra prometida, pero fue la escuela abierta para ni\u00f1as y ni\u00f1os iguales.<\/p>\n\n\n\n<p>Pero\u2026, la demanda de adoquines disminuy\u00f3. Las tierras donde trabajaban fueron vendidas libres de ocupantes.<\/p>\n\n\n\n<p>El \u00e9xodo a Mar del Plata y otros lugares en busca de trabajo, un volver a irse y llegar, pero m\u00e1s cerca y con v\u00ednculos mantenidos en el tiempo.<\/p>\n\n\n\n<p>Las canteras a veces trabajaban, a veces no, pero aun cuando hubo actividad el n\u00famero de personas ocupadas fue cada vez menor. Por eso predominaron las partidas hacia otras actividades, otros barrios, otras ciudades.<\/p>\n\n\n\n<p>En los \u00faltimos quince a\u00f1os, el crecimiento de la ciudad, la valorizaci\u00f3n de la vida tranquila y la naturaleza de los barrios de piedra, los precios de la tierra menores que en otros barrios, han contribuido al r\u00e1pido crecimiento de su poblaci\u00f3n.<\/p>\n\n\n\n<p>La historia de los barrios Cerro Leones, Movediza y Villa Laza, los hace\u00a0 crecer sin perder identidad trabajadora y la capacidad\u00a0 de integraci\u00f3n social.<\/p>\n\n\n\n<p>Algunos de los apellidos de picapedreros:\u00a0 Moares-Duarte-Fernandez- Rodriguez- \u00c1lvarez- Lamas- Cattoni \u2013 Ligherini- Grillo- Poli- Bujan-Vucomanovich- Calvo- Palimieri \u2013 Valim- Pascussi- Nelli- Varela \u2013 Soto \u2013 Orsati- Maffezzolli- Gregorini-\u00a0 Antonich- Elusich- Arrizabalaga \u2013 Garcia \u2013 Verona- Espinoza- Bisogni- Fadon- Marcovich- Ghezzi- Corradi- Marcas\u00f3- Neira- Cadona- Solavaigone<\/p>\n\n\n\n<figure class=\"wp-block-image size-large\"><img decoding=\"async\" width=\"660\" height=\"1024\" src=\"https:\/\/barriosdepiedra.ar\/wp-content\/uploads\/2024\/03\/Inigrantes-italianos-que-se-radicaron-en-CL-entre-1915-y-1925-660x1024.jpg\" alt=\"\" class=\"wp-image-367\" srcset=\"https:\/\/barriosdepiedra.ar\/wp-content\/uploads\/2024\/03\/Inigrantes-italianos-que-se-radicaron-en-CL-entre-1915-y-1925-660x1024.jpg 660w, https:\/\/barriosdepiedra.ar\/wp-content\/uploads\/2024\/03\/Inigrantes-italianos-que-se-radicaron-en-CL-entre-1915-y-1925-193x300.jpg 193w, https:\/\/barriosdepiedra.ar\/wp-content\/uploads\/2024\/03\/Inigrantes-italianos-que-se-radicaron-en-CL-entre-1915-y-1925-768x1192.jpg 768w, https:\/\/barriosdepiedra.ar\/wp-content\/uploads\/2024\/03\/Inigrantes-italianos-que-se-radicaron-en-CL-entre-1915-y-1925-990x1536.jpg 990w, https:\/\/barriosdepiedra.ar\/wp-content\/uploads\/2024\/03\/Inigrantes-italianos-que-se-radicaron-en-CL-entre-1915-y-1925-1320x2048.jpg 1320w, https:\/\/barriosdepiedra.ar\/wp-content\/uploads\/2024\/03\/Inigrantes-italianos-que-se-radicaron-en-CL-entre-1915-y-1925-scaled.jpg 1650w\" sizes=\"(max-width: 660px) 100vw, 660px\" \/><\/figure>\n\n\n\n<p><strong>\u00a0Fuente: <\/strong>Familia Poli<\/p>\n\n\n\n<figure class=\"wp-block-image size-large\"><img decoding=\"async\" width=\"1024\" height=\"764\" src=\"https:\/\/barriosdepiedra.ar\/wp-content\/uploads\/2024\/03\/Flia-poli-1024x764.jpg\" alt=\"\" class=\"wp-image-368\" srcset=\"https:\/\/barriosdepiedra.ar\/wp-content\/uploads\/2024\/03\/Flia-poli-1024x764.jpg 1024w, https:\/\/barriosdepiedra.ar\/wp-content\/uploads\/2024\/03\/Flia-poli-300x224.jpg 300w, https:\/\/barriosdepiedra.ar\/wp-content\/uploads\/2024\/03\/Flia-poli-768x573.jpg 768w\" sizes=\"(max-width: 1024px) 100vw, 1024px\" \/><\/figure>\n\n\n\n<p><strong>\u00a0Fuente:<\/strong> Familia Poli<\/p>\n\n\n\n<figure class=\"wp-block-image size-large is-resized\"><img loading=\"lazy\" decoding=\"async\" width=\"1024\" height=\"733\" src=\"https:\/\/barriosdepiedra.ar\/wp-content\/uploads\/2024\/03\/1er-grado-1934-Escuelita-16-1024x733.jpg\" alt=\"\" class=\"wp-image-369\" style=\"width:910px;height:auto\" srcset=\"https:\/\/barriosdepiedra.ar\/wp-content\/uploads\/2024\/03\/1er-grado-1934-Escuelita-16-1024x733.jpg 1024w, https:\/\/barriosdepiedra.ar\/wp-content\/uploads\/2024\/03\/1er-grado-1934-Escuelita-16-300x215.jpg 300w, https:\/\/barriosdepiedra.ar\/wp-content\/uploads\/2024\/03\/1er-grado-1934-Escuelita-16-768x550.jpg 768w, https:\/\/barriosdepiedra.ar\/wp-content\/uploads\/2024\/03\/1er-grado-1934-Escuelita-16-1536x1099.jpg 1536w, https:\/\/barriosdepiedra.ar\/wp-content\/uploads\/2024\/03\/1er-grado-1934-Escuelita-16-2048x1465.jpg 2048w\" sizes=\"(max-width: 1024px) 100vw, 1024px\" \/><figcaption class=\"wp-element-caption\">1er grado &#8211; 1934 &#8211;  Escuelita 16 | \u00a0<strong>Fuente: <\/strong>Familia Poli<\/figcaption><\/figure>\n","protected":false},"excerpt":{"rendered":"<p>Cerro Leones y Movediza, son la cuna de la actividad picapedrera en Tandil. En 1870 comienza la actividad en Cerro Leones impulsada por un grupo de Italianos que instalan una cantera y para ello buscan trabajadores en su pa\u00eds de origen. Las circunstancias en Italia, y en otros estados europeos hacen que grandes contingentes de &#8230; <a title=\"Migraciones\" class=\"read-more\" href=\"https:\/\/barriosdepiedra.ar\/index.php\/migraciones\/\" aria-label=\"Leer m\u00e1s sobre Migraciones\">Leer m\u00e1s<\/a><\/p>\n","protected":false},"author":1,"featured_media":0,"parent":0,"menu_order":0,"comment_status":"closed","ping_status":"closed","template":"","meta":{"footnotes":""},"_links":{"self":[{"href":"https:\/\/barriosdepiedra.ar\/index.php\/wp-json\/wp\/v2\/pages\/135"}],"collection":[{"href":"https:\/\/barriosdepiedra.ar\/index.php\/wp-json\/wp\/v2\/pages"}],"about":[{"href":"https:\/\/barriosdepiedra.ar\/index.php\/wp-json\/wp\/v2\/types\/page"}],"author":[{"embeddable":true,"href":"https:\/\/barriosdepiedra.ar\/index.php\/wp-json\/wp\/v2\/users\/1"}],"replies":[{"embeddable":true,"href":"https:\/\/barriosdepiedra.ar\/index.php\/wp-json\/wp\/v2\/comments?post=135"}],"version-history":[{"count":4,"href":"https:\/\/barriosdepiedra.ar\/index.php\/wp-json\/wp\/v2\/pages\/135\/revisions"}],"predecessor-version":[{"id":495,"href":"https:\/\/barriosdepiedra.ar\/index.php\/wp-json\/wp\/v2\/pages\/135\/revisions\/495"}],"wp:attachment":[{"href":"https:\/\/barriosdepiedra.ar\/index.php\/wp-json\/wp\/v2\/media?parent=135"}],"curies":[{"name":"wp","href":"https:\/\/api.w.org\/{rel}","templated":true}]}}