{"id":152,"date":"2024-03-17T18:09:24","date_gmt":"2024-03-17T21:09:24","guid":{"rendered":"https:\/\/barriosdepiedra.ar\/?page_id=152"},"modified":"2024-03-17T19:51:23","modified_gmt":"2024-03-17T22:51:23","slug":"club-movediza","status":"publish","type":"page","link":"https:\/\/barriosdepiedra.ar\/index.php\/club-movediza\/","title":{"rendered":"Club Movediza"},"content":{"rendered":"\n<p class=\"has-medium-font-size\"><strong>El Club Movediza, a 100 a\u00f1os de su fundaci\u00f3n<\/strong><\/p>\n\n\n\n<p>Durante el a\u00f1o 2023 se realizaron actividades para reconstruir la historia del Club Movediza.&nbsp;<\/p>\n\n\n\n<p>Durante el mes de agosto se convoc\u00f3 p\u00fablicamente a aportar fotos y testimonios para realizar comunitariamente el \u00e1lbum de Movediza.<\/p>\n\n\n\n<figure class=\"wp-block-image is-resized\"><img decoding=\"async\" src=\"https:\/\/lh7-us.googleusercontent.com\/u3h5k9Gr2EYWpULiK0W4XEIM9jN8zVCY3jxyVkMjMRl3NxMSkqEz2pEb7gID_nnB-66FCmhiXvUbzZoXB7XBiVbMtyWzE98sbkdUJNdlbu6q_BLc3-Lj-BYOEwBFnP_ERILrLyuM85U4HbRhZmZ2Zg\" alt=\"D:\\Documentos\\barrios de piedra 2023\\club movediza\\el album de Movediza.jpg\" style=\"width:642px;height:auto\"\/><\/figure>\n\n\n\n<p>En septiembre de 2023 se realiz\u00f3 una jornada de recopilaci\u00f3n de fotos y testimonios en la sede del Club Movediza.<\/p>\n\n\n\n<p>Durante la misma, numerosos vecinos se acercaron con sus fotos, las cuales fueron escaneadas y devueltas, tom\u00e1ndose un registro en video de quienes las aportaron. (Fotos)<\/p>\n\n\n\n<p>Las fotos y testimonios estuvieron referidos a la historia del club, sus deportistas y tambi\u00e9n a las familias del barrio y el trabajo de la piedra.<\/p>\n\n\n\n<p>Posteriormente se recibieron m\u00e1s fotos, documentos y testimonios.<\/p>\n\n\n\n<p>&nbsp;A partir del material recopilado se elabor\u00f3 el \u00c1lbum de los 100 a\u00f1os del Club Movediza en su versi\u00f3n pdf y video, un video con testimonios&nbsp; y otros materiales sobre la historia del Club Movediza.<\/p>\n\n\n\n<figure class=\"wp-block-image size-full is-resized\"><img fetchpriority=\"high\" decoding=\"async\" width=\"1011\" height=\"760\" src=\"https:\/\/barriosdepiedra.ar\/wp-content\/uploads\/2024\/03\/compartiendo-documentos.jpg\" alt=\"\" class=\"wp-image-189\" style=\"width:733px;height:auto\" srcset=\"https:\/\/barriosdepiedra.ar\/wp-content\/uploads\/2024\/03\/compartiendo-documentos.jpg 1011w, https:\/\/barriosdepiedra.ar\/wp-content\/uploads\/2024\/03\/compartiendo-documentos-300x226.jpg 300w, https:\/\/barriosdepiedra.ar\/wp-content\/uploads\/2024\/03\/compartiendo-documentos-768x577.jpg 768w\" sizes=\"(max-width: 1011px) 100vw, 1011px\" \/><figcaption class=\"wp-element-caption\"><em>Compartiendo documentos<\/em><\/figcaption><\/figure>\n\n\n\n<figure class=\"wp-block-image size-full is-resized\"><img decoding=\"async\" width=\"1600\" height=\"1200\" src=\"https:\/\/barriosdepiedra.ar\/wp-content\/uploads\/2024\/03\/Recepcion-y-escaneo.jpg\" alt=\"\" class=\"wp-image-190\" style=\"width:733px;height:auto\" srcset=\"https:\/\/barriosdepiedra.ar\/wp-content\/uploads\/2024\/03\/Recepcion-y-escaneo.jpg 1600w, https:\/\/barriosdepiedra.ar\/wp-content\/uploads\/2024\/03\/Recepcion-y-escaneo-300x225.jpg 300w, https:\/\/barriosdepiedra.ar\/wp-content\/uploads\/2024\/03\/Recepcion-y-escaneo-1024x768.jpg 1024w, https:\/\/barriosdepiedra.ar\/wp-content\/uploads\/2024\/03\/Recepcion-y-escaneo-768x576.jpg 768w, https:\/\/barriosdepiedra.ar\/wp-content\/uploads\/2024\/03\/Recepcion-y-escaneo-1536x1152.jpg 1536w\" sizes=\"(max-width: 1600px) 100vw, 1600px\" \/><figcaption class=\"wp-element-caption\"><em>Recepci\u00f3n y escaneo<\/em><\/figcaption><\/figure>\n\n\n\n<figure class=\"wp-block-image size-full is-resized\"><img decoding=\"async\" width=\"1920\" height=\"1080\" src=\"https:\/\/barriosdepiedra.ar\/wp-content\/uploads\/2024\/03\/Alberto-Alvarez-ex-jugador-y-vecino.jpg\" alt=\"\" class=\"wp-image-191\" style=\"width:735px;height:auto\" srcset=\"https:\/\/barriosdepiedra.ar\/wp-content\/uploads\/2024\/03\/Alberto-Alvarez-ex-jugador-y-vecino.jpg 1920w, https:\/\/barriosdepiedra.ar\/wp-content\/uploads\/2024\/03\/Alberto-Alvarez-ex-jugador-y-vecino-300x169.jpg 300w, https:\/\/barriosdepiedra.ar\/wp-content\/uploads\/2024\/03\/Alberto-Alvarez-ex-jugador-y-vecino-1024x576.jpg 1024w, https:\/\/barriosdepiedra.ar\/wp-content\/uploads\/2024\/03\/Alberto-Alvarez-ex-jugador-y-vecino-768x432.jpg 768w, https:\/\/barriosdepiedra.ar\/wp-content\/uploads\/2024\/03\/Alberto-Alvarez-ex-jugador-y-vecino-1536x864.jpg 1536w\" sizes=\"(max-width: 1920px) 100vw, 1920px\" \/><figcaption class=\"wp-element-caption\"><em>Alberto Alvarez, ex jugador y vecino<\/em><\/figcaption><\/figure>\n\n\n\n<figure class=\"wp-block-image size-full is-resized\"><img loading=\"lazy\" decoding=\"async\" width=\"1280\" height=\"576\" src=\"https:\/\/barriosdepiedra.ar\/wp-content\/uploads\/2024\/03\/Equipo-entrevista-a-Beatriz-Marcaso-de-Ghezzi-y-Adelio-Giovanini.jpg\" alt=\"\" class=\"wp-image-192\" style=\"width:735px;height:auto\" srcset=\"https:\/\/barriosdepiedra.ar\/wp-content\/uploads\/2024\/03\/Equipo-entrevista-a-Beatriz-Marcaso-de-Ghezzi-y-Adelio-Giovanini.jpg 1280w, https:\/\/barriosdepiedra.ar\/wp-content\/uploads\/2024\/03\/Equipo-entrevista-a-Beatriz-Marcaso-de-Ghezzi-y-Adelio-Giovanini-300x135.jpg 300w, https:\/\/barriosdepiedra.ar\/wp-content\/uploads\/2024\/03\/Equipo-entrevista-a-Beatriz-Marcaso-de-Ghezzi-y-Adelio-Giovanini-1024x461.jpg 1024w, https:\/\/barriosdepiedra.ar\/wp-content\/uploads\/2024\/03\/Equipo-entrevista-a-Beatriz-Marcaso-de-Ghezzi-y-Adelio-Giovanini-768x346.jpg 768w\" sizes=\"(max-width: 1280px) 100vw, 1280px\" \/><figcaption class=\"wp-element-caption\"><em>Equipo entrevista a Beatriz Marcaso de Ghezzi y Adelio Giovanini<\/em><\/figcaption><\/figure>\n\n\n\n<p><\/p>\n\n\n\n<div class=\"wp-block-file\"><a id=\"wp-block-file--media-f0ea0d8c-7dca-4328-8471-7cd4328112d6\" href=\"http:\/\/barriosdepiedra.ar\/wp-content\/uploads\/2024\/03\/Club-Movediza-100-anos.pdf\"><strong>Club Movediza 100 a\u00f1os<\/strong><\/a><a href=\"http:\/\/barriosdepiedra.ar\/wp-content\/uploads\/2024\/03\/Club-Movediza-100-anos.pdf\" class=\"wp-block-file__button wp-element-button\" download aria-describedby=\"wp-block-file--media-f0ea0d8c-7dca-4328-8471-7cd4328112d6\">Descargar<\/a><\/div>\n\n\n\n<p><\/p>\n\n\n\n<div class=\"wp-block-file\"><a id=\"wp-block-file--media-9e7e0496-4b29-4d15-89ed-163c8df60f44\" href=\"http:\/\/barriosdepiedra.ar\/wp-content\/uploads\/2024\/03\/Historia-del-Club-Movediza-1923-1991-Manuscrito-de-Vicente-Ghezzi-Relevamiento-2023.pdf\"><strong>Historia del Club Movediza 1923-1991 Manuscrito de Vicente Ghezzi- Relevamiento 2023<\/strong><\/a><a href=\"http:\/\/barriosdepiedra.ar\/wp-content\/uploads\/2024\/03\/Historia-del-Club-Movediza-1923-1991-Manuscrito-de-Vicente-Ghezzi-Relevamiento-2023.pdf\" class=\"wp-block-file__button wp-element-button\" download aria-describedby=\"wp-block-file--media-9e7e0496-4b29-4d15-89ed-163c8df60f44\">Descarga<\/a><\/div>\n","protected":false},"excerpt":{"rendered":"<p>El Club Movediza, a 100 a\u00f1os de su fundaci\u00f3n Durante el a\u00f1o 2023 se realizaron actividades para reconstruir la historia del Club Movediza.&nbsp; Durante el mes de agosto se convoc\u00f3 p\u00fablicamente a aportar fotos y testimonios para realizar comunitariamente el \u00e1lbum de Movediza. En septiembre de 2023 se realiz\u00f3 una jornada de recopilaci\u00f3n de fotos &#8230; <a title=\"Club Movediza\" class=\"read-more\" href=\"https:\/\/barriosdepiedra.ar\/index.php\/club-movediza\/\" aria-label=\"Leer m\u00e1s sobre Club Movediza\">Leer m\u00e1s<\/a><\/p>\n","protected":false},"author":1,"featured_media":0,"parent":0,"menu_order":0,"comment_status":"closed","ping_status":"closed","template":"","meta":{"footnotes":""},"_links":{"self":[{"href":"https:\/\/barriosdepiedra.ar\/index.php\/wp-json\/wp\/v2\/pages\/152"}],"collection":[{"href":"https:\/\/barriosdepiedra.ar\/index.php\/wp-json\/wp\/v2\/pages"}],"about":[{"href":"https:\/\/barriosdepiedra.ar\/index.php\/wp-json\/wp\/v2\/types\/page"}],"author":[{"embeddable":true,"href":"https:\/\/barriosdepiedra.ar\/index.php\/wp-json\/wp\/v2\/users\/1"}],"replies":[{"embeddable":true,"href":"https:\/\/barriosdepiedra.ar\/index.php\/wp-json\/wp\/v2\/comments?post=152"}],"version-history":[{"count":3,"href":"https:\/\/barriosdepiedra.ar\/index.php\/wp-json\/wp\/v2\/pages\/152\/revisions"}],"predecessor-version":[{"id":197,"href":"https:\/\/barriosdepiedra.ar\/index.php\/wp-json\/wp\/v2\/pages\/152\/revisions\/197"}],"wp:attachment":[{"href":"https:\/\/barriosdepiedra.ar\/index.php\/wp-json\/wp\/v2\/media?parent=152"}],"curies":[{"name":"wp","href":"https:\/\/api.w.org\/{rel}","templated":true}]}}