{"id":154,"date":"2024-03-17T18:09:41","date_gmt":"2024-03-17T21:09:41","guid":{"rendered":"https:\/\/barriosdepiedra.ar\/?page_id=154"},"modified":"2024-03-18T14:40:10","modified_gmt":"2024-03-18T17:40:10","slug":"club-y-biblioteca-figueroa","status":"publish","type":"page","link":"https:\/\/barriosdepiedra.ar\/index.php\/club-y-biblioteca-figueroa\/","title":{"rendered":"Club y Biblioteca Figueroa"},"content":{"rendered":"\n<p class=\"has-medium-font-size\"><strong>Club Figueroa &#8211; 79\u00ba Aniversario &#8211; Ignacio Garc\u00eda<\/strong><\/p>\n\n\n\n<div class=\"wp-block-file\"><a id=\"wp-block-file--media-d81a40d2-5d07-4411-ab28-07d54b6b2c8e\" href=\"http:\/\/barriosdepiedra.ar\/wp-content\/uploads\/2024\/03\/Copia-de-Club-Figueroa-79\u00b0-aniversario-Ignacio-Garcia.pdf\"><strong>Club Figueroa &#8211; 79\u00b0 aniversario &#8211; Ignacio Garcia<\/strong><\/a><a href=\"http:\/\/barriosdepiedra.ar\/wp-content\/uploads\/2024\/03\/Copia-de-Club-Figueroa-79\u00b0-aniversario-Ignacio-Garcia.pdf\" class=\"wp-block-file__button wp-element-button\" download aria-describedby=\"wp-block-file--media-d81a40d2-5d07-4411-ab28-07d54b6b2c8e\">Descarga<\/a><\/div>\n\n\n\n<hr class=\"wp-block-separator has-alpha-channel-opacity\"\/>\n\n\n\n<p class=\"has-medium-font-size\"><strong>Fiesta 100 a\u00f1os del Club Figueroa<\/strong><\/p>\n\n\n\n<div class=\"wp-block-file\"><a id=\"wp-block-file--media-3d6a559d-dad2-4170-908f-5a03404561d9\" href=\"http:\/\/barriosdepiedra.ar\/wp-content\/uploads\/2024\/03\/Fiesta-100-de-Figueroa.pdf\"><strong>Fiesta 100 de Figueroa<\/strong><\/a><a href=\"http:\/\/barriosdepiedra.ar\/wp-content\/uploads\/2024\/03\/Fiesta-100-de-Figueroa.pdf\" class=\"wp-block-file__button wp-element-button\" download aria-describedby=\"wp-block-file--media-3d6a559d-dad2-4170-908f-5a03404561d9\">Descarga<\/a><\/div>\n\n\n\n<hr class=\"wp-block-separator has-alpha-channel-opacity\"\/>\n\n\n\n<p class=\"has-medium-font-size\"><strong>Fotos Club Figueroa &#8211; 100 A\u00f1os<\/strong><\/p>\n\n\n\n<div class=\"wp-block-file\"><a id=\"wp-block-file--media-9fa66d8c-9e39-439b-8215-61dfb5506c1b\" href=\"http:\/\/barriosdepiedra.ar\/wp-content\/uploads\/2024\/03\/FOTOS-CLUB-FIGUEROA-100-ANOS.pdf\"><strong>Fotos &#8211; Club Figueroa &#8211; 100 a\u00f1os<\/strong><\/a><a href=\"http:\/\/barriosdepiedra.ar\/wp-content\/uploads\/2024\/03\/FOTOS-CLUB-FIGUEROA-100-ANOS.pdf\" class=\"wp-block-file__button wp-element-button\" download aria-describedby=\"wp-block-file--media-9fa66d8c-9e39-439b-8215-61dfb5506c1b\">Descarga<\/a><\/div>\n","protected":false},"excerpt":{"rendered":"<p>Club Figueroa &#8211; 79\u00ba Aniversario &#8211; Ignacio Garc\u00eda Fiesta 100 a\u00f1os del Club Figueroa Fotos Club Figueroa &#8211; 100 A\u00f1os<\/p>\n","protected":false},"author":1,"featured_media":0,"parent":0,"menu_order":0,"comment_status":"closed","ping_status":"closed","template":"","meta":{"footnotes":""},"_links":{"self":[{"href":"https:\/\/barriosdepiedra.ar\/index.php\/wp-json\/wp\/v2\/pages\/154"}],"collection":[{"href":"https:\/\/barriosdepiedra.ar\/index.php\/wp-json\/wp\/v2\/pages"}],"about":[{"href":"https:\/\/barriosdepiedra.ar\/index.php\/wp-json\/wp\/v2\/types\/page"}],"author":[{"embeddable":true,"href":"https:\/\/barriosdepiedra.ar\/index.php\/wp-json\/wp\/v2\/users\/1"}],"replies":[{"embeddable":true,"href":"https:\/\/barriosdepiedra.ar\/index.php\/wp-json\/wp\/v2\/comments?post=154"}],"version-history":[{"count":2,"href":"https:\/\/barriosdepiedra.ar\/index.php\/wp-json\/wp\/v2\/pages\/154\/revisions"}],"predecessor-version":[{"id":202,"href":"https:\/\/barriosdepiedra.ar\/index.php\/wp-json\/wp\/v2\/pages\/154\/revisions\/202"}],"wp:attachment":[{"href":"https:\/\/barriosdepiedra.ar\/index.php\/wp-json\/wp\/v2\/media?parent=154"}],"curies":[{"name":"wp","href":"https:\/\/api.w.org\/{rel}","templated":true}]}}