{"id":37,"date":"2024-03-07T08:30:43","date_gmt":"2024-03-07T11:30:43","guid":{"rendered":"https:\/\/barriosdepiedra.ar\/?page_id=37"},"modified":"2024-03-23T11:26:41","modified_gmt":"2024-03-23T14:26:41","slug":"textos-y-sitios-recomendados","status":"publish","type":"page","link":"https:\/\/barriosdepiedra.ar\/index.php\/textos-y-sitios-recomendados\/","title":{"rendered":"Textos y sitios recomendados"},"content":{"rendered":"\n<h2 class=\"wp-block-heading has-medium-font-size\"><strong>Bolet\u00edn Nro 10 &#8211; Marzo 2009<\/strong><\/h2>\n\n\n\n<div class=\"wp-block-file\"><a id=\"wp-block-file--media-cfab3a46-c049-48c8-8d69-46a18e2ca8d2\" href=\"http:\/\/barriosdepiedra.ar\/wp-content\/uploads\/2024\/03\/Boletin-Nro-10-Marzo-2009.pdf\"><strong>Bolet\u00edn Nro 10- Marzo 2009<\/strong><\/a><a href=\"http:\/\/barriosdepiedra.ar\/wp-content\/uploads\/2024\/03\/Boletin-Nro-10-Marzo-2009.pdf\" class=\"wp-block-file__button wp-element-button\" download aria-describedby=\"wp-block-file--media-cfab3a46-c049-48c8-8d69-46a18e2ca8d2\">Descarga<\/a><\/div>\n\n\n\n<hr class=\"wp-block-separator has-alpha-channel-opacity\"\/>\n\n\n\n<h2 class=\"wp-block-heading has-medium-font-size\"><strong>Nuevas modalidades tur\u00edsticas en Argentina. Experiencias de Turismo Comunitario en la provincia de Salta<\/strong> <strong>&#8211; Claudia Troncoso, Carlos R. C\u00e1ceres, Pablo Vanevic<\/strong><\/h2>\n\n\n\n<div class=\"wp-block-file\"><a id=\"wp-block-file--media-d9d14911-48f4-4561-bd48-33cf50524d29\" href=\"http:\/\/barriosdepiedra.ar\/wp-content\/uploads\/2024\/03\/Caceres.Troncoso.Vanevic-with-cover-page-v2.pdf\"><strong>Nuevas modalidades tur\u00edsticas en Argentina. Experiencias de Turismo Comunitario en la provincia de Salta &#8211; Claudia Troncoso, Carlos R. C\u00e1c<\/strong><\/a><a href=\"http:\/\/barriosdepiedra.ar\/wp-content\/uploads\/2024\/03\/Caceres.Troncoso.Vanevic-with-cover-page-v2.pdf\" class=\"wp-block-file__button wp-element-button\" download aria-describedby=\"wp-block-file--media-d9d14911-48f4-4561-bd48-33cf50524d29\">Descarga<\/a><\/div>\n\n\n\n<hr class=\"wp-block-separator has-alpha-channel-opacity\"\/>\n\n\n\n<h2 class=\"wp-block-heading has-medium-font-size\"><strong>La incre\u00edble historia de los picapiedras de Tandil &#8211; Revista Todo es Historia &#8211; 1982<\/strong><\/h2>\n\n\n\n<div class=\"wp-block-file\"><a id=\"wp-block-file--media-8e528c33-9dc9-4068-8eaf-ad48a8e11a0c\" href=\"http:\/\/barriosdepiedra.ar\/wp-content\/uploads\/2024\/03\/Copia-de-La-increible-historia-de-los-picapiedras-de-Tandil-Revista-Todo-es-Historia-1982.pdf\"><strong> La increible historia de los picapiedras de Tandil &#8211; Revista Todo es Historia &#8211; 1982<\/strong><\/a><a href=\"http:\/\/barriosdepiedra.ar\/wp-content\/uploads\/2024\/03\/Copia-de-La-increible-historia-de-los-picapiedras-de-Tandil-Revista-Todo-es-Historia-1982.pdf\" class=\"wp-block-file__button wp-element-button\" download aria-describedby=\"wp-block-file--media-8e528c33-9dc9-4068-8eaf-ad48a8e11a0c\">Descarga<\/a><\/div>\n\n\n\n<hr class=\"wp-block-separator has-alpha-channel-opacity\"\/>\n\n\n\n<h2 class=\"wp-block-heading has-medium-font-size\"><strong><strong>Economatos mineros en el Sistema de Tandilia \u00a0&#8211; El caso de la cantera La Movediza de Domingo Conti &#8211; Cr. Dar\u00edo S\u00e1nchez Abrego<\/strong><\/strong><\/h2>\n\n\n\n<div class=\"wp-block-file\"><a id=\"wp-block-file--media-5364a582-f763-4f1f-9013-64f37f40d399\" href=\"http:\/\/barriosdepiedra.ar\/wp-content\/uploads\/2024\/03\/economatos-mineros-en-tandil-el-caso-de-la-movediza-de-conti.pdf\"><strong>Economatos mineros en el Sistema de Tandilia  &#8211; El caso de la cantera La Movediza de Domingo Conti &#8211; Cr. Dar\u00edo S\u00e1nchez Abrego<\/strong><\/a><a href=\"http:\/\/barriosdepiedra.ar\/wp-content\/uploads\/2024\/03\/economatos-mineros-en-tandil-el-caso-de-la-movediza-de-conti.pdf\" class=\"wp-block-file__button wp-element-button\" download aria-describedby=\"wp-block-file--media-5364a582-f763-4f1f-9013-64f37f40d399\">Descarga<\/a><\/div>\n\n\n\n<hr class=\"wp-block-separator has-alpha-channel-opacity\"\/>\n\n\n\n<h2 class=\"wp-block-heading has-medium-font-size\"><strong>Geoparques<\/strong><\/h2>\n\n\n\n<div class=\"wp-block-file\"><a id=\"wp-block-file--media-cc0c6894-2667-45b5-a876-7a35b2646748\" href=\"http:\/\/barriosdepiedra.ar\/wp-content\/uploads\/2024\/03\/Geoparques.pdf\"><strong>Geoparques<\/strong><\/a><a href=\"http:\/\/barriosdepiedra.ar\/wp-content\/uploads\/2024\/03\/Geoparques.pdf\" class=\"wp-block-file__button wp-element-button\" download aria-describedby=\"wp-block-file--media-cc0c6894-2667-45b5-a876-7a35b2646748\">Descarga<\/a><\/div>\n\n\n\n<hr class=\"wp-block-separator has-alpha-channel-opacity\"\/>\n\n\n\n<h2 class=\"wp-block-heading has-medium-font-size\"><strong><strong>Introducci\u00f3n al Derecho Ambiental &#8211; N\u00e9stor A. Cafferatta<\/strong><\/strong><\/h2>\n\n\n\n<div class=\"wp-block-file\"><a id=\"wp-block-file--media-dc495914-bc4a-4967-8046-0604efd0fcc3\" href=\"http:\/\/barriosdepiedra.ar\/wp-content\/uploads\/2024\/03\/Introduccion_al_Derecho_Ambiental_Caferatta.pdf\"><strong>Introducci\u00f3n al Derecho Ambiental &#8211; N\u00e9stor A. Cafferatta<\/strong><\/a><a href=\"http:\/\/barriosdepiedra.ar\/wp-content\/uploads\/2024\/03\/Introduccion_al_Derecho_Ambiental_Caferatta.pdf\" class=\"wp-block-file__button wp-element-button\" download aria-describedby=\"wp-block-file--media-dc495914-bc4a-4967-8046-0604efd0fcc3\">Descarga<\/a><\/div>\n\n\n\n<hr class=\"wp-block-separator has-alpha-channel-opacity\"\/>\n\n\n\n<h2 class=\"wp-block-heading has-medium-font-size\"><strong>Los picapedreros &#8211; Hugo Nario<\/strong><\/h2>\n\n\n\n<div class=\"wp-block-file\"><a id=\"wp-block-file--media-7462781c-d16d-4948-8221-e6eb39c79941\" href=\"http:\/\/barriosdepiedra.ar\/wp-content\/uploads\/2024\/03\/los_picapedreros.pdf\"><strong>Los picapedreros &#8211; Hugo Nario<\/strong><\/a><a href=\"http:\/\/barriosdepiedra.ar\/wp-content\/uploads\/2024\/03\/los_picapedreros.pdf\" class=\"wp-block-file__button wp-element-button\" download aria-describedby=\"wp-block-file--media-7462781c-d16d-4948-8221-e6eb39c79941\">Descarga<\/a><\/div>\n\n\n\n<hr class=\"wp-block-separator has-alpha-channel-opacity\"\/>\n\n\n\n<h2 class=\"wp-block-heading has-medium-font-size\"><strong>Plan de manejo &#8211;  Ley de paisaje protegido<\/strong><\/h2>\n\n\n\n<div class=\"wp-block-file\"><a id=\"wp-block-file--media-944bc8c1-d911-4613-aa04-f1e7867fdd37\" href=\"http:\/\/barriosdepiedra.ar\/wp-content\/uploads\/2024\/03\/Plan-de-manejo-Ley-de-paisaje-protegido.pdf\"><strong>Plan de manejo &#8211;  Ley de paisaje protegido<\/strong><\/a><a href=\"http:\/\/barriosdepiedra.ar\/wp-content\/uploads\/2024\/03\/Plan-de-manejo-Ley-de-paisaje-protegido.pdf\" class=\"wp-block-file__button wp-element-button\" download aria-describedby=\"wp-block-file--media-944bc8c1-d911-4613-aa04-f1e7867fdd37\">Descarga<\/a><\/div>\n\n\n\n<hr class=\"wp-block-separator has-alpha-channel-opacity\"\/>\n\n\n\n<h2 class=\"wp-block-heading has-text-align-right has-medium-font-size\"><strong><strong>Sobre Economato Minero\/ Plecas en canteras de Tandil<\/strong><\/strong><\/h2>\n\n\n\n<hr class=\"wp-block-separator has-alpha-channel-opacity\"\/>\n\n\n\n<p>S\u00e1nchez Abrego, Dar\u00edo. Art\u00edculos varios sobre las Canteras del Tandil. Boletines del Centro<\/p>\n\n\n\n<p>Numism\u00e1tico de las Sierras del Tandil&nbsp; <a href=\"https:\/\/ifinra.files.wordpress.com\/2019\/04\/economatos-mineros-en-tandil-el-caso-de-la-movediza-de-conti.pdf\">https:\/\/ifinra.files.wordpress.com\/2019\/04\/economatos-mineros-en-tandil-el-caso-de-la-movediza-de-conti.pdf<\/a><\/p>\n\n\n\n<p>Morucci, Miguel y S\u00e1nchez Guerra, Eduardo (2008) Las fichas y vales de miner\u00eda en la Argentina. Buenos Aires<br>(en Pdf)S\u00e1nchez Abrego, Dar\u00edo y Hansen, Ricardo (2012) Historias de una Argentina pasada: el pago con vales met\u00e1licos. (Premio Alberto \u201cCoco\u201d Derman 2012) Ediciones FENyMA<\/p>\n\n\n\n<hr class=\"wp-block-separator has-alpha-channel-opacity\"\/>\n\n\n\n<h2 class=\"wp-block-heading has-text-align-right has-medium-font-size\"><strong>Textos y sitios con link<\/strong><\/h2>\n\n\n\n<hr class=\"wp-block-separator has-alpha-channel-opacity\"\/>\n\n\n\n<p>Adem\u00e1s de los textos recomendados que se pueden descargar directamente se recomienda:&nbsp;<\/p>\n\n\n\n<p>Bidaure, J. N. (2020, Junio) &#8220;Transformaciones y conflictos territoriales en el paisaje cultural minero del barrio Cerro Leones. Tandil&#8221;. Provincia de Buenos Aires. [Tesis de maestr\u00eda] Universidad Nacional del Centro de la Provincia de Buenos Aires, Argentina.&nbsp;<\/p>\n\n\n\n<p><a href=\"https:\/\/www.ridaa.unicen.edu.ar\/items\/623f8e2f-f1be-4d93-a08c-4bbcacb13ba2\">https:\/\/www.ridaa.unicen.edu.ar\/items\/623f8e2f-f1be-4d93-a08c-4bbcacb13ba2<\/a><\/p>\n\n\n\n<hr class=\"wp-block-separator has-alpha-channel-opacity\"\/>\n\n\n\n<p>Ram\u00edrez, C., Caselli, A., &amp; de la Sierra, S. (2017). Sendero Pampa: Popularizaci\u00f3n de la ciencia en espacios silvestres. Web <a href=\"https:\/\/repositoriosdigitales.mincyt.gob.ar\/vufind\/Record\/CICBA_0548035384ed050cb117345916e7311d\">https:\/\/repositoriosdigitales.mincyt.gob.ar\/vufind\/Record\/CICBA_0548035384ed050cb117345916e7311d<\/a><\/p>\n\n\n\n<hr class=\"wp-block-separator has-alpha-channel-opacity\"\/>\n\n\n\n<p>Red Tandilia<\/p>\n\n\n\n<figure class=\"wp-block-embed is-type-wp-embed is-provider-red-tandilia wp-block-embed-red-tandilia\"><div class=\"wp-block-embed__wrapper\">\n<blockquote class=\"wp-embedded-content\" data-secret=\"y6krHS5eBK\"><a href=\"https:\/\/redtandilia.com.ar\/el-sistema-de-tandilia\/\">El Sistema de Tandilia<\/a><\/blockquote><iframe class=\"wp-embedded-content\" sandbox=\"allow-scripts\" security=\"restricted\" style=\"position: absolute; clip: rect(1px, 1px, 1px, 1px);\" title=\"\u00abEl Sistema de Tandilia\u00bb \u2014 Red Tandilia\" src=\"https:\/\/redtandilia.com.ar\/el-sistema-de-tandilia\/embed\/#?secret=scUowJzq2m#?secret=y6krHS5eBK\" data-secret=\"y6krHS5eBK\" width=\"600\" height=\"338\" frameborder=\"0\" marginwidth=\"0\" marginheight=\"0\" scrolling=\"no\"><\/iframe>\n<\/div><\/figure>\n\n\n\n<hr class=\"wp-block-separator has-alpha-channel-opacity\"\/>\n\n\n\n<p>Los Geoparques Mundiales de la UNESCO<\/p>\n\n\n\n<p><a href=\"https:\/\/www.unesco.org\/es\/iggp\/geoparks\/about#:~:text=Los%20Geoparques%20Mundiales%20de%20la%20UNESCO%20son%20%C3%A1reas%20geogr%C3%A1ficas%20%C3%BAnicas,protecci%C3%B3n%2C%20educaci%C3%B3n%20y%20desarrollo%20sostenible.\">https:\/\/www.unesco.org\/es\/iggp\/geoparks\/about#:~:text=Los%20Geoparques%20Mundiales%20de%20la%20UNESCO%20son%20%C3%A1reas%20geogr%C3%A1ficas%20%C3%BAnicas,protecci%C3%B3n%2C%20educaci%C3%B3n%20y%20desarrollo%20sostenible.<\/a><\/p>\n\n\n\n<hr class=\"wp-block-separator has-alpha-channel-opacity\"\/>\n\n\n\n<h2 class=\"wp-block-heading has-text-align-right has-medium-font-size\"><strong>Blogs de inter\u00e9s<\/strong><\/h2>\n\n\n\n<hr class=\"wp-block-separator has-alpha-channel-opacity\"\/>\n\n\n\n<p><strong>Los picapedreros<\/strong><\/p>\n\n\n\n<p><a href=\"https:\/\/www.lospicapedreros.com.ar\/home.php\">https:\/\/www.lospicapedreros.com.ar\/home.php<\/a><\/p>\n\n\n\n<hr class=\"wp-block-separator has-alpha-channel-opacity\"\/>\n\n\n\n<p><strong>Centro Numism\u00e1tico de las Sierras de Tandil<\/strong><\/p>\n\n\n\n<p><a href=\"https:\/\/cenusita.blogspot.com\/p\/libros.html\">https:\/\/cenusita.blogspot.com\/p\/libros.html<\/a><\/p>\n\n\n\n<hr class=\"wp-block-separator has-alpha-channel-opacity\"\/>\n\n\n\n<p><strong>Asamblea Sierras Tandil<\/strong><\/p>\n\n\n\n<p><a href=\"https:\/\/web.facebook.com\/AsambleaSierras\">https:\/\/web.facebook.com\/AsambleaSierras<\/a><\/p>\n\n\n\n<p><a href=\"https:\/\/www.instagram.com\/asambleasierrastandil\/\">https:\/\/www.instagram.com\/asambleasierrastandil\/<\/a><\/p>\n","protected":false},"excerpt":{"rendered":"<p>Bolet\u00edn Nro 10 &#8211; Marzo 2009 Nuevas modalidades tur\u00edsticas en Argentina. Experiencias de Turismo Comunitario en la provincia de Salta &#8211; Claudia Troncoso, Carlos R. C\u00e1ceres, Pablo Vanevic La incre\u00edble historia de los picapiedras de Tandil &#8211; Revista Todo es Historia &#8211; 1982 Economatos mineros en el Sistema de Tandilia \u00a0&#8211; El caso de la &#8230; <a title=\"Textos y sitios recomendados\" class=\"read-more\" href=\"https:\/\/barriosdepiedra.ar\/index.php\/textos-y-sitios-recomendados\/\" aria-label=\"Leer m\u00e1s sobre Textos y sitios recomendados\">Leer m\u00e1s<\/a><\/p>\n","protected":false},"author":1,"featured_media":0,"parent":0,"menu_order":0,"comment_status":"closed","ping_status":"closed","template":"","meta":{"footnotes":""},"_links":{"self":[{"href":"https:\/\/barriosdepiedra.ar\/index.php\/wp-json\/wp\/v2\/pages\/37"}],"collection":[{"href":"https:\/\/barriosdepiedra.ar\/index.php\/wp-json\/wp\/v2\/pages"}],"about":[{"href":"https:\/\/barriosdepiedra.ar\/index.php\/wp-json\/wp\/v2\/types\/page"}],"author":[{"embeddable":true,"href":"https:\/\/barriosdepiedra.ar\/index.php\/wp-json\/wp\/v2\/users\/1"}],"replies":[{"embeddable":true,"href":"https:\/\/barriosdepiedra.ar\/index.php\/wp-json\/wp\/v2\/comments?post=37"}],"version-history":[{"count":2,"href":"https:\/\/barriosdepiedra.ar\/index.php\/wp-json\/wp\/v2\/pages\/37\/revisions"}],"predecessor-version":[{"id":419,"href":"https:\/\/barriosdepiedra.ar\/index.php\/wp-json\/wp\/v2\/pages\/37\/revisions\/419"}],"wp:attachment":[{"href":"https:\/\/barriosdepiedra.ar\/index.php\/wp-json\/wp\/v2\/media?parent=37"}],"curies":[{"name":"wp","href":"https:\/\/api.w.org\/{rel}","templated":true}]}}