{"id":374,"date":"2024-03-23T09:35:39","date_gmt":"2024-03-23T12:35:39","guid":{"rendered":"https:\/\/barriosdepiedra.ar\/?page_id=374"},"modified":"2024-03-23T10:10:49","modified_gmt":"2024-03-23T13:10:49","slug":"informe-de-actividades-2022-2023","status":"publish","type":"page","link":"https:\/\/barriosdepiedra.ar\/index.php\/informe-de-actividades-2022-2023\/","title":{"rendered":"Informe de actividades 2022\/ 2023"},"content":{"rendered":"\n<h3 class=\"wp-block-heading has-large-font-size\"><strong>Antecedentes<\/strong><\/h3>\n\n\n\n<hr class=\"wp-block-separator has-alpha-channel-opacity\"\/>\n\n\n\n<h2 class=\"wp-block-heading has-medium-font-size\"><strong>Los barrios de piedra en PDT<\/strong><\/h2>\n\n\n\n<div class=\"wp-block-file\"><a id=\"wp-block-file--media-6944ee9f-3427-4047-b1ee-ab91762ab4e2\" href=\"http:\/\/barriosdepiedra.ar\/wp-content\/uploads\/2024\/03\/Los-barrios-de-piedra-en-PDT.pdf\"><strong>Los barrios de piedra en PDT<\/strong><\/a><a href=\"http:\/\/barriosdepiedra.ar\/wp-content\/uploads\/2024\/03\/Los-barrios-de-piedra-en-PDT.pdf\" class=\"wp-block-file__button wp-element-button\" download aria-describedby=\"wp-block-file--media-6944ee9f-3427-4047-b1ee-ab91762ab4e2\">Descarga<\/a><\/div>\n\n\n\n<hr class=\"wp-block-separator has-alpha-channel-opacity\"\/>\n\n\n\n<h2 class=\"wp-block-heading has-medium-font-size\"><strong>Los barrios de piedra seg\u00fan datos del Municipio<\/strong><\/h2>\n\n\n\n<div class=\"wp-block-file\"><a id=\"wp-block-file--media-f553f554-67b3-463e-8656-881878eb47aa\" href=\"http:\/\/barriosdepiedra.ar\/wp-content\/uploads\/2024\/03\/Los-barrios-de-piedra-segun-datos-del-Municipio.pdf\"><strong>Los barrios de piedra seg\u00fan datos del Municipio<\/strong><\/a><a href=\"http:\/\/barriosdepiedra.ar\/wp-content\/uploads\/2024\/03\/Los-barrios-de-piedra-segun-datos-del-Municipio.pdf\" class=\"wp-block-file__button wp-element-button\" download aria-describedby=\"wp-block-file--media-f553f554-67b3-463e-8656-881878eb47aa\">Descarga<\/a><\/div>\n\n\n\n<hr class=\"wp-block-separator has-alpha-channel-opacity\"\/>\n\n\n\n<h2 class=\"wp-block-heading has-medium-font-size\"><strong>Observaci\u00f3n cerrito y cerriladas &#8211; Cerro Leones<\/strong><\/h2>\n\n\n\n<div class=\"wp-block-file\"><a id=\"wp-block-file--media-8340b48a-fad3-4532-87ba-95d531caef80\" href=\"http:\/\/barriosdepiedra.ar\/wp-content\/uploads\/2024\/03\/Observacion-cerrito-y-cerriladas-Cerro-Leones.pdf\"><strong>Observaci\u00f3n cerrito y cerriladas &#8211; Cerro Leones<\/strong><\/a><a href=\"http:\/\/barriosdepiedra.ar\/wp-content\/uploads\/2024\/03\/Observacion-cerrito-y-cerriladas-Cerro-Leones.pdf\" class=\"wp-block-file__button wp-element-button\" download aria-describedby=\"wp-block-file--media-8340b48a-fad3-4532-87ba-95d531caef80\">Descarga<\/a><\/div>\n\n\n\n<hr class=\"wp-block-separator has-alpha-channel-opacity\"\/>\n\n\n\n<h2 class=\"wp-block-heading has-medium-font-size\"><strong>Ordenanza 6839 &#8211; Lugares Hist\u00f3ricos<\/strong><\/h2>\n\n\n\n<div class=\"wp-block-file\"><a id=\"wp-block-file--media-d8d4c327-adbb-4198-9e4d-05212677f7fe\" href=\"http:\/\/barriosdepiedra.ar\/wp-content\/uploads\/2024\/03\/Ordenanza-6839-Lugares-Historicos.pdf\"><strong>Ordenanza 6839 &#8211; Lugares Hist\u00f3ricos<\/strong><\/a><a href=\"http:\/\/barriosdepiedra.ar\/wp-content\/uploads\/2024\/03\/Ordenanza-6839-Lugares-Historicos.pdf\" class=\"wp-block-file__button wp-element-button\" download aria-describedby=\"wp-block-file--media-d8d4c327-adbb-4198-9e4d-05212677f7fe\">Descarga<\/a><\/div>\n\n\n\n<hr class=\"wp-block-separator has-alpha-channel-opacity\"\/>\n\n\n\n<h2 class=\"wp-block-heading has-medium-font-size\"><strong>Relevamiento Movediza | PRIMER INFORME | AGOSTO 2021<\/strong><\/h2>\n\n\n\n<div class=\"wp-block-file\"><a id=\"wp-block-file--media-71e883c5-1f45-435a-a44b-77d9ae18d7a5\" href=\"http:\/\/barriosdepiedra.ar\/wp-content\/uploads\/2024\/03\/Relevamiento-Movediza-PRIMER-INFORME-AGOSTO-2021.pdf\"><strong>Relevamiento Movediza | PRIMER INFORME-AGOSTO 2021<\/strong><\/a><a href=\"http:\/\/barriosdepiedra.ar\/wp-content\/uploads\/2024\/03\/Relevamiento-Movediza-PRIMER-INFORME-AGOSTO-2021.pdf\" class=\"wp-block-file__button wp-element-button\" download aria-describedby=\"wp-block-file--media-71e883c5-1f45-435a-a44b-77d9ae18d7a5\">Descarga<\/a><\/div>\n\n\n\n<hr class=\"wp-block-separator has-alpha-channel-opacity\"\/>\n\n\n\n<h2 class=\"wp-block-heading\"><strong>Informe final Barrios de Piedra &#8211;  2022 \/ 2023<\/strong><\/h2>\n\n\n\n<div class=\"wp-block-file\"><a id=\"wp-block-file--media-64e4039e-4e74-4684-96cf-28e7bd3896cb\" href=\"http:\/\/barriosdepiedra.ar\/wp-content\/uploads\/2024\/03\/Informe-final-Barrios-de-Piedra-2022-2023.pdf\"><strong>Informe final Barrios de Piedra 2022 \/ 2023<\/strong><\/a><a href=\"http:\/\/barriosdepiedra.ar\/wp-content\/uploads\/2024\/03\/Informe-final-Barrios-de-Piedra-2022-2023.pdf\" class=\"wp-block-file__button wp-element-button\" download aria-describedby=\"wp-block-file--media-64e4039e-4e74-4684-96cf-28e7bd3896cb\">Descarga<\/a><\/div>\n","protected":false},"excerpt":{"rendered":"<p>Antecedentes Los barrios de piedra en PDT Los barrios de piedra seg\u00fan datos del Municipio Observaci\u00f3n cerrito y cerriladas &#8211; Cerro Leones Ordenanza 6839 &#8211; Lugares Hist\u00f3ricos Relevamiento Movediza | PRIMER INFORME | AGOSTO 2021 Informe final Barrios de Piedra &#8211; 2022 \/ 2023<\/p>\n","protected":false},"author":1,"featured_media":0,"parent":0,"menu_order":0,"comment_status":"closed","ping_status":"closed","template":"","meta":{"footnotes":""},"_links":{"self":[{"href":"https:\/\/barriosdepiedra.ar\/index.php\/wp-json\/wp\/v2\/pages\/374"}],"collection":[{"href":"https:\/\/barriosdepiedra.ar\/index.php\/wp-json\/wp\/v2\/pages"}],"about":[{"href":"https:\/\/barriosdepiedra.ar\/index.php\/wp-json\/wp\/v2\/types\/page"}],"author":[{"embeddable":true,"href":"https:\/\/barriosdepiedra.ar\/index.php\/wp-json\/wp\/v2\/users\/1"}],"replies":[{"embeddable":true,"href":"https:\/\/barriosdepiedra.ar\/index.php\/wp-json\/wp\/v2\/comments?post=374"}],"version-history":[{"count":3,"href":"https:\/\/barriosdepiedra.ar\/index.php\/wp-json\/wp\/v2\/pages\/374\/revisions"}],"predecessor-version":[{"id":403,"href":"https:\/\/barriosdepiedra.ar\/index.php\/wp-json\/wp\/v2\/pages\/374\/revisions\/403"}],"wp:attachment":[{"href":"https:\/\/barriosdepiedra.ar\/index.php\/wp-json\/wp\/v2\/media?parent=374"}],"curies":[{"name":"wp","href":"https:\/\/api.w.org\/{rel}","templated":true}]}}