{"id":39,"date":"2024-03-07T08:31:08","date_gmt":"2024-03-07T11:31:08","guid":{"rendered":"https:\/\/barriosdepiedra.ar\/?page_id=39"},"modified":"2024-03-23T12:08:38","modified_gmt":"2024-03-23T15:08:38","slug":"recopilacion-de-material-de-archivo","status":"publish","type":"page","link":"https:\/\/barriosdepiedra.ar\/index.php\/recopilacion-de-material-de-archivo\/","title":{"rendered":"Recopilaci\u00f3n de material de archivo"},"content":{"rendered":"\n<h2 class=\"wp-block-heading has-text-align-right has-large-font-size\"><strong>Monograf\u00edas y revistas de los barrios<\/strong><\/h2>\n\n\n\n<hr class=\"wp-block-separator has-alpha-channel-opacity\"\/>\n\n\n\n<figure class=\"wp-block-image size-large\"><img fetchpriority=\"high\" decoding=\"async\" width=\"975\" height=\"1024\" src=\"https:\/\/barriosdepiedra.ar\/wp-content\/uploads\/2024\/03\/Fragmento-referido-al-Club-Figueroa-Coleccion-Flia-Alvarez-Rodriguez-975x1024.jpg\" alt=\"\" class=\"wp-image-421\" srcset=\"https:\/\/barriosdepiedra.ar\/wp-content\/uploads\/2024\/03\/Fragmento-referido-al-Club-Figueroa-Coleccion-Flia-Alvarez-Rodriguez-975x1024.jpg 975w, https:\/\/barriosdepiedra.ar\/wp-content\/uploads\/2024\/03\/Fragmento-referido-al-Club-Figueroa-Coleccion-Flia-Alvarez-Rodriguez-286x300.jpg 286w, https:\/\/barriosdepiedra.ar\/wp-content\/uploads\/2024\/03\/Fragmento-referido-al-Club-Figueroa-Coleccion-Flia-Alvarez-Rodriguez-768x807.jpg 768w, https:\/\/barriosdepiedra.ar\/wp-content\/uploads\/2024\/03\/Fragmento-referido-al-Club-Figueroa-Coleccion-Flia-Alvarez-Rodriguez-1463x1536.jpg 1463w, https:\/\/barriosdepiedra.ar\/wp-content\/uploads\/2024\/03\/Fragmento-referido-al-Club-Figueroa-Coleccion-Flia-Alvarez-Rodriguez.jpg 1496w\" sizes=\"(max-width: 975px) 100vw, 975px\" \/><figcaption class=\"wp-element-caption\"><em>Fragmento referido al Club Figueroa-Colecci\u00f3n Flia Alvarez-Rodriguez<\/em><\/figcaption><\/figure>\n\n\n\n<hr class=\"wp-block-separator has-alpha-channel-opacity\"\/>\n\n\n\n<h2 class=\"wp-block-heading has-medium-font-size\"><strong>Monograf\u00eda sobre Cerro Leones &#8211; Mirta Bujan &#8211; 2012<\/strong><\/h2>\n\n\n\n<div class=\"wp-block-file\"><a id=\"wp-block-file--media-55c026aa-2cdf-45de-9112-345e2cdb3682\" href=\"https:\/\/barriosdepiedra.ar\/wp-content\/uploads\/2024\/03\/Monografia-sobre-Cerro-Leones-Mirta-BUjan-2012.pdf\"><strong>Monografia-sobre-Cerro-Leones-Mirta-BUjan-2012<\/strong><\/a><a href=\"https:\/\/barriosdepiedra.ar\/wp-content\/uploads\/2024\/03\/Monografia-sobre-Cerro-Leones-Mirta-BUjan-2012.pdf\" class=\"wp-block-file__button wp-element-button\" download aria-describedby=\"wp-block-file--media-55c026aa-2cdf-45de-9112-345e2cdb3682\">Descarga<\/a><\/div>\n\n\n\n<hr class=\"wp-block-separator has-alpha-channel-opacity\"\/>\n\n\n\n<h2 class=\"wp-block-heading has-medium-font-size\"><strong>Revista Cerro Leones &#8211; A\u00f1o 1 &#8211; Numero 7<\/strong><\/h2>\n\n\n\n<div class=\"wp-block-file\"><a id=\"wp-block-file--media-09a21322-499a-4923-b53a-4ba2050cd1b5\" href=\"http:\/\/barriosdepiedra.ar\/wp-content\/uploads\/2024\/03\/Revista-Cerro-Leones-Ano-1-Numero-7.pptx\"><strong>Revista Cerro Leones &#8211; A\u00f1o 1- Numero 7<\/strong><\/a><a href=\"http:\/\/barriosdepiedra.ar\/wp-content\/uploads\/2024\/03\/Revista-Cerro-Leones-Ano-1-Numero-7.pptx\" class=\"wp-block-file__button wp-element-button\" download aria-describedby=\"wp-block-file--media-09a21322-499a-4923-b53a-4ba2050cd1b5\">Descarga<\/a><\/div>\n\n\n\n<hr class=\"wp-block-separator has-alpha-channel-opacity\"\/>\n\n\n\n<h2 class=\"wp-block-heading has-medium-font-size\"><strong>Seminario de la realidad Escuela Normal &#8211; Autora Genova &#8211; Fuente: Archivo Familia Lendez<\/strong><\/h2>\n\n\n\n<div class=\"wp-block-file\"><a id=\"wp-block-file--media-0894d237-2471-4877-87a7-78b6cba1d08a\" href=\"http:\/\/barriosdepiedra.ar\/wp-content\/uploads\/2024\/03\/Seminario-de-la-realidad-Esc-Normal-autora-Genova-fuente-archivo-flia-Lendez.pdf\">Seminario de la realidad Escuela Normal &#8211; Autora Genova  &#8211; Fuente: Archivo Familia Lendez<\/a><a href=\"http:\/\/barriosdepiedra.ar\/wp-content\/uploads\/2024\/03\/Seminario-de-la-realidad-Esc-Normal-autora-Genova-fuente-archivo-flia-Lendez.pdf\" class=\"wp-block-file__button wp-element-button\" download aria-describedby=\"wp-block-file--media-0894d237-2471-4877-87a7-78b6cba1d08a\">Descarga<\/a><\/div>\n\n\n\n<hr class=\"wp-block-separator has-alpha-channel-opacity\"\/>\n\n\n\n<h2 class=\"wp-block-heading has-text-align-right has-large-font-size\"><strong>Notas del Diario El Eco de Tandil<\/strong><\/h2>\n\n\n\n<hr class=\"wp-block-separator has-alpha-channel-opacity\"\/>\n\n\n\n<figure class=\"wp-block-image size-full\"><img decoding=\"async\" width=\"750\" height=\"682\" src=\"https:\/\/barriosdepiedra.ar\/wp-content\/uploads\/2024\/03\/La-creacion-del-sindicato.jpg\" alt=\"\" class=\"wp-image-426\" srcset=\"https:\/\/barriosdepiedra.ar\/wp-content\/uploads\/2024\/03\/La-creacion-del-sindicato.jpg 750w, https:\/\/barriosdepiedra.ar\/wp-content\/uploads\/2024\/03\/La-creacion-del-sindicato-300x273.jpg 300w\" sizes=\"(max-width: 750px) 100vw, 750px\" \/><\/figure>\n\n\n\n<p>Tefa Schegtel, alumna avanzada de la Licenciatura en Ciencias de la Comunicaci\u00f3n FACSO\/ UNICEN, e integrante del Programa Barrios de Piedra realiz\u00f3 un trabajo de relevamientos de fuentes centrado en el material de archivo microfilmado de El Eco de Tandil disponible en la hemeroteca de la Biblioteca Rivadavia y en la hemeroteca del IEHS- IGEHCS\/ UNICEN.<\/p>\n\n\n\n<p>El an\u00e1lisis de los peri\u00f3dicos en la primera d\u00e9cada del siglo 20, adem\u00e1s de constituir un valioso aporte al programa, permiti\u00f3 a la autora producir la monograf\u00eda que se adjunta: El lejano mundo canteril, desde la \u00f3ptica de \u2018El Eco del Tandil\u2019 (1906-1909)<\/p>\n\n\n\n<figure class=\"wp-block-image size-large\"><img decoding=\"async\" width=\"768\" height=\"1024\" src=\"https:\/\/barriosdepiedra.ar\/wp-content\/uploads\/2024\/03\/IMG_20230811_115612_460-768x1024.jpg\" alt=\"\" class=\"wp-image-425\" srcset=\"https:\/\/barriosdepiedra.ar\/wp-content\/uploads\/2024\/03\/IMG_20230811_115612_460-768x1024.jpg 768w, https:\/\/barriosdepiedra.ar\/wp-content\/uploads\/2024\/03\/IMG_20230811_115612_460-225x300.jpg 225w, https:\/\/barriosdepiedra.ar\/wp-content\/uploads\/2024\/03\/IMG_20230811_115612_460-1152x1536.jpg 1152w, https:\/\/barriosdepiedra.ar\/wp-content\/uploads\/2024\/03\/IMG_20230811_115612_460-1536x2048.jpg 1536w, https:\/\/barriosdepiedra.ar\/wp-content\/uploads\/2024\/03\/IMG_20230811_115612_460-scaled.jpg 1920w\" sizes=\"(max-width: 768px) 100vw, 768px\" \/><figcaption class=\"wp-element-caption\"><em>Tefa Schegtel<\/em><\/figcaption><\/figure>\n\n\n\n<hr class=\"wp-block-separator has-alpha-channel-opacity\"\/>\n\n\n\n<h2 class=\"wp-block-heading has-medium-font-size\"><strong>El \u2018lejano\u2019 mundo canteril, desde la \u00f3ptica de \u2018El Eco del Tandil\u2019 (1906-1909) &#8211; Tefa Schegtel<\/strong><\/h2>\n\n\n\n<div class=\"wp-block-file\"><a id=\"wp-block-file--media-e0aa5943-aada-447c-9ccc-569f6bf6867b\" href=\"http:\/\/barriosdepiedra.ar\/wp-content\/uploads\/2024\/03\/Schegtel-Torres.pdf\"><strong>El \u2018lejano\u2019 mundo canteril, desde la \u00f3ptica de \u2018El Eco del Tandil\u2019 (1906-1909) &#8211; Tefa Schegtel<\/strong><\/a><a href=\"http:\/\/barriosdepiedra.ar\/wp-content\/uploads\/2024\/03\/Schegtel-Torres.pdf\" class=\"wp-block-file__button wp-element-button\" download aria-describedby=\"wp-block-file--media-e0aa5943-aada-447c-9ccc-569f6bf6867b\">Descarga<\/a><\/div>\n\n\n\n<hr class=\"wp-block-separator has-alpha-channel-opacity\"\/>\n\n\n\n<h2 class=\"wp-block-heading has-text-align-right has-large-font-size\"><strong>Notas del Diario Nueva Era<\/strong><\/h2>\n\n\n\n<hr class=\"wp-block-separator has-alpha-channel-opacity\"\/>\n\n\n\n<h2 class=\"wp-block-heading has-medium-font-size\"><strong>Club Figueroa menci\u00f3n en Nueva Era aniversario<\/strong><\/h2>\n\n\n\n<div class=\"wp-block-file\"><a id=\"wp-block-file--media-f10b400e-e43a-459e-be20-9c563592f9c1\" href=\"https:\/\/barriosdepiedra.ar\/wp-content\/uploads\/2024\/03\/Club-Figueroa-mencion-en-Nueva-Era-aniversario.pdf\"><strong>Club-Figueroa-mencion-en-Nueva-Era-aniversario<\/strong><\/a><a href=\"https:\/\/barriosdepiedra.ar\/wp-content\/uploads\/2024\/03\/Club-Figueroa-mencion-en-Nueva-Era-aniversario.pdf\" class=\"wp-block-file__button wp-element-button\" download aria-describedby=\"wp-block-file--media-f10b400e-e43a-459e-be20-9c563592f9c1\">Descarga<\/a><\/div>\n\n\n\n<hr class=\"wp-block-separator has-alpha-channel-opacity\"\/>\n\n\n\n<h2 class=\"wp-block-heading has-medium-font-size\"><strong>Notas sobre sede de Club Figueroa 1970 y 1972<\/strong><\/h2>\n\n\n\n<div class=\"wp-block-file\"><a id=\"wp-block-file--media-6187bd73-097a-416d-91ad-be3a66f9ad78\" href=\"http:\/\/barriosdepiedra.ar\/wp-content\/uploads\/2024\/03\/Notas-sobre-sede-de-Club-Figueroa-1970-y-1972.pdf\"><strong>Notas sobre sede de Club Figueroa 1970 y 1972<\/strong><\/a><a href=\"http:\/\/barriosdepiedra.ar\/wp-content\/uploads\/2024\/03\/Notas-sobre-sede-de-Club-Figueroa-1970-y-1972.pdf\" class=\"wp-block-file__button wp-element-button\" download aria-describedby=\"wp-block-file--media-6187bd73-097a-416d-91ad-be3a66f9ad78\">Descarga<\/a><\/div>\n\n\n\n<hr class=\"wp-block-separator has-alpha-channel-opacity\"\/>\n\n\n\n<h2 class=\"wp-block-heading has-text-align-right has-large-font-size\"><strong>Notas en otras publicaciones<\/strong><\/h2>\n\n\n\n<hr class=\"wp-block-separator has-alpha-channel-opacity\"\/>\n\n\n\n<figure class=\"wp-block-image size-full\"><img loading=\"lazy\" decoding=\"async\" width=\"761\" height=\"448\" src=\"https:\/\/barriosdepiedra.ar\/wp-content\/uploads\/2024\/03\/repercusiones-en-la-prensa-obrera-nacional.jpg\" alt=\"\" class=\"wp-image-431\" srcset=\"https:\/\/barriosdepiedra.ar\/wp-content\/uploads\/2024\/03\/repercusiones-en-la-prensa-obrera-nacional.jpg 761w, https:\/\/barriosdepiedra.ar\/wp-content\/uploads\/2024\/03\/repercusiones-en-la-prensa-obrera-nacional-300x177.jpg 300w\" sizes=\"(max-width: 761px) 100vw, 761px\" \/><\/figure>\n\n\n\n<hr class=\"wp-block-separator has-alpha-channel-opacity\"\/>\n\n\n\n<h2 class=\"wp-block-heading has-medium-font-size\"><strong>Relevamiento Observatorio Social<\/strong><\/h2>\n\n\n\n<div class=\"wp-block-file\"><a id=\"wp-block-file--media-63c5773a-00bd-44c1-9422-0652a15977ef\" href=\"http:\/\/barriosdepiedra.ar\/wp-content\/uploads\/2024\/03\/Relevamiento-Observatorio-Social.pdf\"><strong>Relevamiento Observatorio Social<\/strong><\/a><a href=\"http:\/\/barriosdepiedra.ar\/wp-content\/uploads\/2024\/03\/Relevamiento-Observatorio-Social.pdf\" class=\"wp-block-file__button wp-element-button\" download aria-describedby=\"wp-block-file--media-63c5773a-00bd-44c1-9422-0652a15977ef\">Descarga<\/a><\/div>\n\n\n\n<hr class=\"wp-block-separator has-alpha-channel-opacity\"\/>\n\n\n\n<h2 class=\"wp-block-heading has-text-align-right has-large-font-size\"><strong>La Huelga Grande<\/strong><\/h2>\n\n\n\n<hr class=\"wp-block-separator has-alpha-channel-opacity\"\/>\n\n\n\n<p><strong>Repercusiones de la Huelga Grande en la prensa obrera nacional.<\/strong><\/p>\n\n\n\n<p>La Huelga Grande (10908-1909) tuvo un seguimiento especial por parte de los peri\u00f3dicos obreros de aquella \u00e9poca. Ejemplo de ello fue el peri\u00f3dico \u201cUni\u00f3n Obrera\u201d de la central de Uni\u00f3n General de los Trabajadores, una organizaci\u00f3n sindical de tendencia socialista y sindicalista revolucionaria. Aquella gesta reflejada en los diarios forj\u00f3 una imagen combativa de los trabajadorxs de las canteras de Tandil y su gremio.<\/p>\n\n\n\n<div data-wp-interactive=\"\" class=\"wp-block-file\"><object data-wp-bind--hidden=\"!selectors.core.file.hasPdfPreview\" hidden class=\"wp-block-file__embed\" data=\"https:\/\/barriosdepiedra.ar\/wp-content\/uploads\/2024\/03\/1909-02.pdf\" type=\"application\/pdf\" style=\"width:100%;height:600px\" aria-label=\"Incrustado de 1909-02.\"><\/object><a id=\"wp-block-file--media-8a951583-c82e-4060-8fe1-9f88162179a7\" href=\"https:\/\/barriosdepiedra.ar\/wp-content\/uploads\/2024\/03\/1909-02.pdf\">1909-02<\/a><a href=\"https:\/\/barriosdepiedra.ar\/wp-content\/uploads\/2024\/03\/1909-02.pdf\" class=\"wp-block-file__button wp-element-button\" download aria-describedby=\"wp-block-file--media-8a951583-c82e-4060-8fe1-9f88162179a7\">Descarga<\/a><\/div>\n\n\n\n<div data-wp-interactive=\"\" class=\"wp-block-file\"><object data-wp-bind--hidden=\"!selectors.core.file.hasPdfPreview\" hidden class=\"wp-block-file__embed\" data=\"https:\/\/barriosdepiedra.ar\/wp-content\/uploads\/2024\/03\/1909-09.pdf\" type=\"application\/pdf\" style=\"width:100%;height:600px\" aria-label=\"Incrustado de 1909-09.\"><\/object><a id=\"wp-block-file--media-ec6f3cb9-46b7-49bf-aff5-e4a4ca095aec\" href=\"https:\/\/barriosdepiedra.ar\/wp-content\/uploads\/2024\/03\/1909-09.pdf\">1909-09<\/a><a href=\"https:\/\/barriosdepiedra.ar\/wp-content\/uploads\/2024\/03\/1909-09.pdf\" class=\"wp-block-file__button wp-element-button\" download aria-describedby=\"wp-block-file--media-ec6f3cb9-46b7-49bf-aff5-e4a4ca095aec\">Descarga<\/a><\/div>\n","protected":false},"excerpt":{"rendered":"<p>Monograf\u00edas y revistas de los barrios Monograf\u00eda sobre Cerro Leones &#8211; Mirta Bujan &#8211; 2012 Revista Cerro Leones &#8211; A\u00f1o 1 &#8211; Numero 7 Seminario de la realidad Escuela Normal &#8211; Autora Genova &#8211; Fuente: Archivo Familia Lendez Notas del Diario El Eco de Tandil Tefa Schegtel, alumna avanzada de la Licenciatura en Ciencias de &#8230; <a title=\"Recopilaci\u00f3n de material de archivo\" class=\"read-more\" href=\"https:\/\/barriosdepiedra.ar\/index.php\/recopilacion-de-material-de-archivo\/\" aria-label=\"Leer m\u00e1s sobre Recopilaci\u00f3n de material de archivo\">Leer m\u00e1s<\/a><\/p>\n","protected":false},"author":1,"featured_media":0,"parent":0,"menu_order":0,"comment_status":"closed","ping_status":"closed","template":"","meta":{"footnotes":""},"_links":{"self":[{"href":"https:\/\/barriosdepiedra.ar\/index.php\/wp-json\/wp\/v2\/pages\/39"}],"collection":[{"href":"https:\/\/barriosdepiedra.ar\/index.php\/wp-json\/wp\/v2\/pages"}],"about":[{"href":"https:\/\/barriosdepiedra.ar\/index.php\/wp-json\/wp\/v2\/types\/page"}],"author":[{"embeddable":true,"href":"https:\/\/barriosdepiedra.ar\/index.php\/wp-json\/wp\/v2\/users\/1"}],"replies":[{"embeddable":true,"href":"https:\/\/barriosdepiedra.ar\/index.php\/wp-json\/wp\/v2\/comments?post=39"}],"version-history":[{"count":3,"href":"https:\/\/barriosdepiedra.ar\/index.php\/wp-json\/wp\/v2\/pages\/39\/revisions"}],"predecessor-version":[{"id":436,"href":"https:\/\/barriosdepiedra.ar\/index.php\/wp-json\/wp\/v2\/pages\/39\/revisions\/436"}],"wp:attachment":[{"href":"https:\/\/barriosdepiedra.ar\/index.php\/wp-json\/wp\/v2\/media?parent=39"}],"curies":[{"name":"wp","href":"https:\/\/api.w.org\/{rel}","templated":true}]}}